{"id":828,"date":"2025-01-08T19:56:38","date_gmt":"2025-01-08T18:56:38","guid":{"rendered":"https:\/\/360-solar.de\/zuhause-mit-sonne\/?page_id=828"},"modified":"2025-01-08T20:14:27","modified_gmt":"2025-01-08T19:14:27","slug":"photovoltaik","status":"publish","type":"page","link":"https:\/\/360-solar.de\/zuhause-mit-sonne\/photovoltaik\/","title":{"rendered":"Photovoltaik"},"content":{"rendered":"\t\t<div data-elementor-type=\"wp-page\" data-elementor-id=\"828\" class=\"elementor elementor-828\" data-elementor-post-type=\"page\">\n\t\t\t\t<div class=\"elementor-element elementor-element-e7fb153 e-flex e-con-boxed e-con e-parent\" data-id=\"e7fb153\" data-element_type=\"container\">\n\t\t\t\t\t<div class=\"e-con-inner\">\n\t\t<div class=\"elementor-element elementor-element-fee9fb4 e-con-full e-flex e-con e-child\" data-id=\"fee9fb4\" data-element_type=\"container\">\n\t\t\t\t<div class=\"elementor-element elementor-element-769af5b elementor-widget elementor-widget-heading\" data-id=\"769af5b\" data-element_type=\"widget\" data-widget_type=\"heading.default\">\n\t\t\t\t<div class=\"elementor-widget-container\">\n\t\t\t\t\t<h2 class=\"elementor-heading-title elementor-size-default\">Klimaneutralen Strom selbst erzeugen\nPhotovoltaikanlagen f\u00fcr eine nachhaltige Zukunft<\/h2>\t\t\t\t<\/div>\n\t\t\t\t<\/div>\n\t\t\t\t<div class=\"elementor-element elementor-element-3cb67cb elementor-widget elementor-widget-heading\" data-id=\"3cb67cb\" data-element_type=\"widget\" data-widget_type=\"heading.default\">\n\t\t\t\t<div class=\"elementor-widget-container\">\n\t\t\t\t\t<h4 class=\"elementor-heading-title elementor-size-default\">Ihre 360\u00b0 Photovoltaikanlage \u2013 regional, nachhaltig, individuell<\/h4>\t\t\t\t<\/div>\n\t\t\t\t<\/div>\n\t\t\t\t<div class=\"elementor-element elementor-element-77418aa elementor-widget elementor-widget-text-editor\" data-id=\"77418aa\" data-element_type=\"widget\" data-widget_type=\"text-editor.default\">\n\t\t\t\t<div class=\"elementor-widget-container\">\n\t\t\t\t\t\t\t\t\t<p>Setzen Sie auf klimaneutralen Strom mit einer Photovoltaikanlage von Ihren Experten aus Ihrer Region. Mit \u00fcber 20 Jahren Erfahrung stehen wir Ihnen stehen als verl\u00e4sslicher Partner f\u00fcr ganzheitliche Energiel\u00f6sungen zur Seite.<\/p><p>Unsere herstellerunabh\u00e4ngige Projektentwicklung garantiert h\u00f6chste Qualit\u00e4t: Wir w\u00e4hlen ausschlie\u00dflich erstklassige Komponenten aus und optimieren Ihre Solaranlage f\u00fcr maximale Effizienz, Langlebigkeit und Zukunftssicherheit.<\/p><p>Durch eine sorgf\u00e4ltige Analyse Ihrer individuellen Anforderungen und der Gegebenheiten vor Ort stellen wir sicher, dass Ihre Anlage perfekt auf Ihre Bed\u00fcrfnisse abgestimmt ist. Mit unserem umfassenden Service begleiten wir Sie von der Beratung und Planung \u00fcber die Installation bis hin zur Wartung \u2013 alles aus einer Hand.<\/p><p>Profitieren Sie von einem ganzheitlichen Energiekonzept, das \u00fcber Solarstrom hinausgeht: Ob Strom, W\u00e4rme oder K\u00e4lte \u2013 erzeugen, speichern und nutzen Sie Energie nachhaltig und effizient.<\/p>\t\t\t\t\t\t\t\t<\/div>\n\t\t\t\t<\/div>\n\t\t\t\t<\/div>\n\t\t<div class=\"elementor-element elementor-element-bdad623 e-con-full e-flex e-con e-child\" data-id=\"bdad623\" data-element_type=\"container\">\n\t\t\t\t<div class=\"elementor-element elementor-element-4cf8e2b elementor-widget elementor-widget-image\" data-id=\"4cf8e2b\" data-element_type=\"widget\" data-widget_type=\"image.default\">\n\t\t\t\t<div class=\"elementor-widget-container\">\n\t\t\t\t\t\t\t\t\t\t\t\t\t\t\t<img fetchpriority=\"high\" decoding=\"async\" width=\"800\" height=\"449\" src=\"https:\/\/360-solar.de\/zuhause-mit-sonne\/wp-content\/uploads\/sites\/2\/2025\/01\/engineer-service-check-installation-solar-cell-on-the-roof-of-factory--1024x575.jpg\" class=\"attachment-large size-large wp-image-464\" alt=\"Engineer service check installation solar cell on the roof of factory.\" srcset=\"https:\/\/360-solar.de\/zuhause-mit-sonne\/wp-content\/uploads\/sites\/2\/2025\/01\/engineer-service-check-installation-solar-cell-on-the-roof-of-factory--1024x575.jpg 1024w, https:\/\/360-solar.de\/zuhause-mit-sonne\/wp-content\/uploads\/sites\/2\/2025\/01\/engineer-service-check-installation-solar-cell-on-the-roof-of-factory--300x168.jpg 300w, https:\/\/360-solar.de\/zuhause-mit-sonne\/wp-content\/uploads\/sites\/2\/2025\/01\/engineer-service-check-installation-solar-cell-on-the-roof-of-factory--768x431.jpg 768w, https:\/\/360-solar.de\/zuhause-mit-sonne\/wp-content\/uploads\/sites\/2\/2025\/01\/engineer-service-check-installation-solar-cell-on-the-roof-of-factory--1536x862.jpg 1536w, https:\/\/360-solar.de\/zuhause-mit-sonne\/wp-content\/uploads\/sites\/2\/2025\/01\/engineer-service-check-installation-solar-cell-on-the-roof-of-factory-.jpg 2000w\" sizes=\"(max-width: 800px) 100vw, 800px\" \/>\t\t\t\t\t\t\t\t\t\t\t\t\t\t\t<\/div>\n\t\t\t\t<\/div>\n\t\t\t\t<div class=\"elementor-element elementor-element-d41737b elementor-widget elementor-widget-button\" data-id=\"d41737b\" data-element_type=\"widget\" data-widget_type=\"button.default\">\n\t\t\t\t<div class=\"elementor-widget-container\">\n\t\t\t\t\t\t\t\t\t<div class=\"elementor-button-wrapper\">\n\t\t\t\t\t<a class=\"elementor-button elementor-button-link elementor-size-sm\" href=\"https:\/\/360-solar.de\/zuhause-mit-sonne\/photovoltaik-systeme\/\">\n\t\t\t\t\t\t<span class=\"elementor-button-content-wrapper\">\n\t\t\t\t\t\t\t\t\t<span class=\"elementor-button-text\">Photovoltaik-Systeme<\/span>\n\t\t\t\t\t<\/span>\n\t\t\t\t\t<\/a>\n\t\t\t\t<\/div>\n\t\t\t\t\t\t\t\t<\/div>\n\t\t\t\t<\/div>\n\t\t\t\t<div class=\"elementor-element elementor-element-25bf215 elementor-widget elementor-widget-button\" data-id=\"25bf215\" data-element_type=\"widget\" data-widget_type=\"button.default\">\n\t\t\t\t<div class=\"elementor-widget-container\">\n\t\t\t\t\t\t\t\t\t<div class=\"elementor-button-wrapper\">\n\t\t\t\t\t<a class=\"elementor-button elementor-button-link elementor-size-sm\" href=\"https:\/\/360-solar.de\/zuhause-mit-sonne\/solar-terrassenueberdachung\/\">\n\t\t\t\t\t\t<span class=\"elementor-button-content-wrapper\">\n\t\t\t\t\t\t\t\t\t<span class=\"elementor-button-text\">Solar-Terrassen\u00fcberdachung<\/span>\n\t\t\t\t\t<\/span>\n\t\t\t\t\t<\/a>\n\t\t\t\t<\/div>\n\t\t\t\t\t\t\t\t<\/div>\n\t\t\t\t<\/div>\n\t\t\t\t<div class=\"elementor-element elementor-element-2892577 elementor-widget elementor-widget-button\" data-id=\"2892577\" data-element_type=\"widget\" data-widget_type=\"button.default\">\n\t\t\t\t<div class=\"elementor-widget-container\">\n\t\t\t\t\t\t\t\t\t<div class=\"elementor-button-wrapper\">\n\t\t\t\t\t<a class=\"elementor-button elementor-button-link elementor-size-sm\" href=\"https:\/\/360-solar.de\/zuhause-mit-sonne\/solar-carport\/\">\n\t\t\t\t\t\t<span class=\"elementor-button-content-wrapper\">\n\t\t\t\t\t\t\t\t\t<span class=\"elementor-button-text\">Solar-Carport<\/span>\n\t\t\t\t\t<\/span>\n\t\t\t\t\t<\/a>\n\t\t\t\t<\/div>\n\t\t\t\t\t\t\t\t<\/div>\n\t\t\t\t<\/div>\n\t\t\t\t<div class=\"elementor-element elementor-element-d7f143a elementor-widget elementor-widget-button\" data-id=\"d7f143a\" data-element_type=\"widget\" data-widget_type=\"button.default\">\n\t\t\t\t<div class=\"elementor-widget-container\">\n\t\t\t\t\t\t\t\t\t<div class=\"elementor-button-wrapper\">\n\t\t\t\t\t<a class=\"elementor-button elementor-button-link elementor-size-sm\" href=\"https:\/\/360-solar.de\/zuhause-mit-sonne\/kontakt\/\">\n\t\t\t\t\t\t<span class=\"elementor-button-content-wrapper\">\n\t\t\t\t\t\t\t\t\t<span class=\"elementor-button-text\">Kostenlose Beratung<\/span>\n\t\t\t\t\t<\/span>\n\t\t\t\t\t<\/a>\n\t\t\t\t<\/div>\n\t\t\t\t\t\t\t\t<\/div>\n\t\t\t\t<\/div>\n\t\t\t\t<\/div>\n\t\t\t\t\t<\/div>\n\t\t\t\t<\/div>\n\t\t\t\t<\/div>\n\t\t","protected":false},"excerpt":{"rendered":"<p>Klimaneutralen Strom selbst erzeugen Photovoltaikanlagen f\u00fcr eine nachhaltige Zukunft Ihre 360\u00b0 Photovoltaikanlage \u2013 regional, nachhaltig, individuell Setzen Sie auf klimaneutralen Strom mit einer Photovoltaikanlage von Ihren Experten aus Ihrer Region. Mit \u00fcber 20 Jahren Erfahrung stehen wir Ihnen stehen als verl\u00e4sslicher Partner f\u00fcr ganzheitliche Energiel\u00f6sungen zur Seite. Unsere herstellerunabh\u00e4ngige Projektentwicklung garantiert h\u00f6chste Qualit\u00e4t: Wir w\u00e4hlen [&hellip;]<\/p>\n","protected":false},"author":1,"featured_media":0,"parent":0,"menu_order":0,"comment_status":"closed","ping_status":"closed","template":"","meta":{"om_disable_all_campaigns":false,"_monsterinsights_skip_tracking":false,"_monsterinsights_sitenote_active":false,"_monsterinsights_sitenote_note":"","_monsterinsights_sitenote_category":0,"footnotes":""},"class_list":["post-828","page","type-page","status-publish","hentry"],"aioseo_notices":[],"_links":{"self":[{"href":"https:\/\/360-solar.de\/zuhause-mit-sonne\/wp-json\/wp\/v2\/pages\/828","targetHints":{"allow":["GET"]}}],"collection":[{"href":"https:\/\/360-solar.de\/zuhause-mit-sonne\/wp-json\/wp\/v2\/pages"}],"about":[{"href":"https:\/\/360-solar.de\/zuhause-mit-sonne\/wp-json\/wp\/v2\/types\/page"}],"author":[{"embeddable":true,"href":"https:\/\/360-solar.de\/zuhause-mit-sonne\/wp-json\/wp\/v2\/users\/1"}],"replies":[{"embeddable":true,"href":"https:\/\/360-solar.de\/zuhause-mit-sonne\/wp-json\/wp\/v2\/comments?post=828"}],"version-history":[{"count":10,"href":"https:\/\/360-solar.de\/zuhause-mit-sonne\/wp-json\/wp\/v2\/pages\/828\/revisions"}],"predecessor-version":[{"id":870,"href":"https:\/\/360-solar.de\/zuhause-mit-sonne\/wp-json\/wp\/v2\/pages\/828\/revisions\/870"}],"wp:attachment":[{"href":"https:\/\/360-solar.de\/zuhause-mit-sonne\/wp-json\/wp\/v2\/media?parent=828"}],"curies":[{"name":"wp","href":"https:\/\/api.w.org\/{rel}","templated":true}]}}