{"id":714,"date":"2025-01-06T12:09:31","date_gmt":"2025-01-06T11:09:31","guid":{"rendered":"https:\/\/360-solar.de\/zuhause-mit-sonne\/?page_id=714"},"modified":"2025-01-06T12:18:20","modified_gmt":"2025-01-06T11:18:20","slug":"pv-system-villingen-schwenningen","status":"publish","type":"page","link":"https:\/\/360-solar.de\/zuhause-mit-sonne\/pv-system-villingen-schwenningen\/","title":{"rendered":"PV-System Villingen-Schwenningen"},"content":{"rendered":"\t\t<div data-elementor-type=\"wp-page\" data-elementor-id=\"714\" class=\"elementor elementor-714\" data-elementor-post-type=\"page\">\n\t\t\t\t<div class=\"elementor-element elementor-element-73dcb2bb e-flex e-con-boxed e-con e-parent\" data-id=\"73dcb2bb\" data-element_type=\"container\" data-settings=\"{&quot;background_background&quot;:&quot;classic&quot;}\">\n\t\t\t\t\t<div class=\"e-con-inner\">\n\t\t<div class=\"elementor-element elementor-element-38199ade e-flex e-con-boxed e-con e-child\" data-id=\"38199ade\" data-element_type=\"container\">\n\t\t\t\t\t<div class=\"e-con-inner\">\n\t\t\t\t<div class=\"elementor-element elementor-element-43a57e23 elementor-widget elementor-widget-heading\" data-id=\"43a57e23\" data-element_type=\"widget\" data-widget_type=\"heading.default\">\n\t\t\t\t<div class=\"elementor-widget-container\">\n\t\t\t\t\t<h1 class=\"elementor-heading-title elementor-size-default\">PV-System Einfamilienhaus<\/h1>\t\t\t\t<\/div>\n\t\t\t\t<\/div>\n\t\t\t\t\t<\/div>\n\t\t\t\t<\/div>\n\t\t\t\t\t<\/div>\n\t\t\t\t<\/div>\n\t\t<div class=\"elementor-element elementor-element-7fbc57f2 e-flex e-con-boxed e-con e-parent\" data-id=\"7fbc57f2\" data-element_type=\"container\">\n\t\t\t\t\t<div class=\"e-con-inner\">\n\t\t<div class=\"elementor-element elementor-element-250c0454 e-con-full e-flex e-con e-child\" data-id=\"250c0454\" data-element_type=\"container\">\n\t\t\t\t<div class=\"elementor-element elementor-element-403ed924 elementor-widget elementor-widget-image\" data-id=\"403ed924\" data-element_type=\"widget\" data-widget_type=\"image.default\">\n\t\t\t\t<div class=\"elementor-widget-container\">\n\t\t\t\t\t\t\t\t\t\t\t\t\t\t\t<img fetchpriority=\"high\" decoding=\"async\" width=\"2560\" height=\"1440\" src=\"https:\/\/360-solar.de\/zuhause-mit-sonne\/wp-content\/uploads\/sites\/2\/2025\/01\/PVA_VS-scaled.jpg\" class=\"attachment-full size-full wp-image-717\" alt=\"\" srcset=\"https:\/\/360-solar.de\/zuhause-mit-sonne\/wp-content\/uploads\/sites\/2\/2025\/01\/PVA_VS-scaled.jpg 2560w, https:\/\/360-solar.de\/zuhause-mit-sonne\/wp-content\/uploads\/sites\/2\/2025\/01\/PVA_VS-300x169.jpg 300w, https:\/\/360-solar.de\/zuhause-mit-sonne\/wp-content\/uploads\/sites\/2\/2025\/01\/PVA_VS-1024x576.jpg 1024w, https:\/\/360-solar.de\/zuhause-mit-sonne\/wp-content\/uploads\/sites\/2\/2025\/01\/PVA_VS-768x432.jpg 768w, https:\/\/360-solar.de\/zuhause-mit-sonne\/wp-content\/uploads\/sites\/2\/2025\/01\/PVA_VS-1536x864.jpg 1536w, https:\/\/360-solar.de\/zuhause-mit-sonne\/wp-content\/uploads\/sites\/2\/2025\/01\/PVA_VS-2048x1152.jpg 2048w\" sizes=\"(max-width: 2560px) 100vw, 2560px\" \/>\t\t\t\t\t\t\t\t\t\t\t\t\t\t\t<\/div>\n\t\t\t\t<\/div>\n\t\t\t\t<div class=\"elementor-element elementor-element-2680652c elementor-widget elementor-widget-heading\" data-id=\"2680652c\" data-element_type=\"widget\" data-widget_type=\"heading.default\">\n\t\t\t\t<div class=\"elementor-widget-container\">\n\t\t\t\t\t<h2 class=\"elementor-heading-title elementor-size-default\">Unabh\u00e4ngigkeit zuhause maximiert<\/h2>\t\t\t\t<\/div>\n\t\t\t\t<\/div>\n\t\t\t\t<div class=\"elementor-element elementor-element-177b1e2a elementor-widget elementor-widget-text-editor\" data-id=\"177b1e2a\" data-element_type=\"widget\" data-widget_type=\"text-editor.default\">\n\t\t\t\t<div class=\"elementor-widget-container\">\n\t\t\t\t\t\t\t\t\t<p>Ein Kunde entschied sich, seine Unabh\u00e4ngigkeit von den Stromversorgern zu maximieren, indem er in eine Photovoltaikanlage mit Speichersystem investierte. Ziel war es, die eigene Stromproduktion zu steigern und so nicht nur Kosten zu sparen, sondern auch die Kontrolle \u00fcber den Energieverbrauch zu \u00fcbernehmen. Nach der erfolgreichen Installation der Anlage war der Kunde bereits begeistert von der Eigenstromnutzung und der hohen Unabh\u00e4ngigkeit, die ihm die neue L\u00f6sung bot.<\/p><p>\u201eVon Anfang an war es unser Ziel, so viel wie m\u00f6glich von unserem Strom selbst zu erzeugen und zu speichern\u201c, erkl\u00e4rt der Kunde. \u201eNach der Installation der Photovoltaikanlage haben wir schnell gemerkt, dass wir unsere Unabh\u00e4ngigkeit noch weiter steigern m\u00f6chten. Deshalb haben wir das Speichersystem kurz nach der Fertigstellung um eine Erweiterung erg\u00e4nzt, um noch mehr Solarstrom f\u00fcr die Abend- und Nachtstunden zur Verf\u00fcgung zu haben.\u201c<\/p><p>Die Erweiterung des Speichersystems erm\u00f6glicht es dem Kunden nun, noch mehr \u00fcbersch\u00fcssigen Solarstrom zu speichern und auch an tr\u00fcben Tagen oder nachts auf ihn zur\u00fcckzugreifen. Dadurch wird der Eigenverbrauch weiter optimiert und die Stromrechnung noch weiter gesenkt. \u201eEs f\u00fchlt sich gut an, den Gro\u00dfteil unseres Strombedarfs selbst zu decken und nicht mehr so stark von den Schwankungen auf dem Strommarkt abh\u00e4ngig zu sein\u201c, so der Kunde weiter.<\/p><p>Mit der Erweiterung des Speichersystems hat der Kunde nicht nur seine Unabh\u00e4ngigkeit weiter maximiert, sondern auch seine langfristige Versorgung mit sauberem Solarstrom gesichert.<\/p>\t\t\t\t\t\t\t\t<\/div>\n\t\t\t\t<\/div>\n\t\t\t\t<div class=\"elementor-element elementor-element-460a5709 elementor-widget elementor-widget-heading\" data-id=\"460a5709\" data-element_type=\"widget\" data-widget_type=\"heading.default\">\n\t\t\t\t<div class=\"elementor-widget-container\">\n\t\t\t\t\t<h3 class=\"elementor-heading-title elementor-size-default\">Herausforderungen in diesem Projekt<\/h3>\t\t\t\t<\/div>\n\t\t\t\t<\/div>\n\t\t\t\t<div class=\"elementor-element elementor-element-38f3522b elementor-widget elementor-widget-text-editor\" data-id=\"38f3522b\" data-element_type=\"widget\" data-widget_type=\"text-editor.default\">\n\t\t\t\t<div class=\"elementor-widget-container\">\n\t\t\t\t\t\t\t\t\t<p>Das Projekt stellte den Kunden vor unerwartete Herausforderungen, insbesondere in Bezug auf die Dachd\u00e4mmung des Hauses. Bei der Montage der Photovoltaikanlage wurde deutlich, dass die Dachd\u00e4mmung ohne vorherige Planung und Abstimmung durchgef\u00fchrt worden war. Diese unvorhergesehenen Gegebenheiten f\u00fchrten zu einigen Schwierigkeiten w\u00e4hrend der Installation der Solarmodule, da die D\u00e4mmung an bestimmten Stellen die Montagefl\u00e4che blockierte und die Ausrichtung der Module erschwerte.<\/p><p>Die Installationsteams mussten schnell kreative L\u00f6sungen finden, um mit den unvorhergesehenen Problemen umzugehen. In einigen Bereichen musste die D\u00e4mmung angepasst oder umgebaut werden, um die n\u00f6tige Stabilit\u00e4t und Fl\u00e4che f\u00fcr die Montage der Photovoltaikanlage zu schaffen. Diese Anpassungen erforderten zus\u00e4tzliche Zeit und Aufwand, was das Projekt verz\u00f6gerte und zu h\u00f6heren Kosten f\u00fchrte. Trotz dieser Herausforderungen konnte die Anlage schlie\u00dflich erfolgreich installiert werden, und der Kunde profitiert nun von einer effizienten und unabh\u00e4ngigen Energieversorgung.<\/p>\t\t\t\t\t\t\t\t<\/div>\n\t\t\t\t<\/div>\n\t\t<div class=\"elementor-element elementor-element-42201839 e-con-full e-flex e-con e-child\" data-id=\"42201839\" data-element_type=\"container\">\n\t\t<div class=\"elementor-element elementor-element-361f3fcc e-con-full e-flex e-con e-child\" data-id=\"361f3fcc\" data-element_type=\"container\">\n\t\t\t\t<div class=\"elementor-element elementor-element-45b3f119 elementor-widget elementor-widget-image\" data-id=\"45b3f119\" data-element_type=\"widget\" data-widget_type=\"image.default\">\n\t\t\t\t<div class=\"elementor-widget-container\">\n\t\t\t\t\t\t\t\t\t\t\t\t\t\t\t<img decoding=\"async\" width=\"1024\" height=\"768\" src=\"https:\/\/360-solar.de\/zuhause-mit-sonne\/wp-content\/uploads\/sites\/2\/2025\/01\/Wechselrichter_Koyuncu.jpg\" class=\"attachment-full size-full wp-image-477\" alt=\"\" srcset=\"https:\/\/360-solar.de\/zuhause-mit-sonne\/wp-content\/uploads\/sites\/2\/2025\/01\/Wechselrichter_Koyuncu.jpg 1024w, https:\/\/360-solar.de\/zuhause-mit-sonne\/wp-content\/uploads\/sites\/2\/2025\/01\/Wechselrichter_Koyuncu-300x225.jpg 300w, https:\/\/360-solar.de\/zuhause-mit-sonne\/wp-content\/uploads\/sites\/2\/2025\/01\/Wechselrichter_Koyuncu-768x576.jpg 768w\" sizes=\"(max-width: 1024px) 100vw, 1024px\" \/>\t\t\t\t\t\t\t\t\t\t\t\t\t\t\t<\/div>\n\t\t\t\t<\/div>\n\t\t\t\t<\/div>\n\t\t<div class=\"elementor-element elementor-element-3527330d e-con-full e-flex e-con e-child\" data-id=\"3527330d\" data-element_type=\"container\">\n\t\t\t\t<div class=\"elementor-element elementor-element-a5466ef elementor-widget elementor-widget-image\" data-id=\"a5466ef\" data-element_type=\"widget\" data-widget_type=\"image.default\">\n\t\t\t\t<div class=\"elementor-widget-container\">\n\t\t\t\t\t\t\t\t\t\t\t\t\t\t\t<img decoding=\"async\" width=\"1024\" height=\"768\" src=\"https:\/\/360-solar.de\/zuhause-mit-sonne\/wp-content\/uploads\/sites\/2\/2025\/01\/WR_BAT_VS_II.jpg\" class=\"attachment-full size-full wp-image-718\" alt=\"\" srcset=\"https:\/\/360-solar.de\/zuhause-mit-sonne\/wp-content\/uploads\/sites\/2\/2025\/01\/WR_BAT_VS_II.jpg 1024w, https:\/\/360-solar.de\/zuhause-mit-sonne\/wp-content\/uploads\/sites\/2\/2025\/01\/WR_BAT_VS_II-300x225.jpg 300w, https:\/\/360-solar.de\/zuhause-mit-sonne\/wp-content\/uploads\/sites\/2\/2025\/01\/WR_BAT_VS_II-768x576.jpg 768w\" sizes=\"(max-width: 1024px) 100vw, 1024px\" \/>\t\t\t\t\t\t\t\t\t\t\t\t\t\t\t<\/div>\n\t\t\t\t<\/div>\n\t\t\t\t<\/div>\n\t\t\t\t<\/div>\n\t\t\t\t<div class=\"elementor-element elementor-element-7b961ff5 elementor-widget elementor-widget-text-editor\" data-id=\"7b961ff5\" data-element_type=\"widget\" data-widget_type=\"text-editor.default\">\n\t\t\t\t<div class=\"elementor-widget-container\">\n\t\t\t\t\t\t\t\t\t<p>Die installierten Wechselrichterund Speicher, vor und nach der Erweiterung des Speichersystems<\/p>\t\t\t\t\t\t\t\t<\/div>\n\t\t\t\t<\/div>\n\t\t\t\t<\/div>\n\t\t<div class=\"elementor-element elementor-element-3a2ea21b e-con-full e-flex e-con e-child\" data-id=\"3a2ea21b\" data-element_type=\"container\">\n\t\t<div class=\"elementor-element elementor-element-19bff406 e-flex e-con-boxed e-con e-child\" data-id=\"19bff406\" data-element_type=\"container\" data-settings=\"{&quot;background_background&quot;:&quot;classic&quot;}\">\n\t\t\t\t\t<div class=\"e-con-inner\">\n\t\t\t\t<div class=\"elementor-element elementor-element-29286cd3 elementor-widget elementor-widget-heading\" data-id=\"29286cd3\" data-element_type=\"widget\" data-widget_type=\"heading.default\">\n\t\t\t\t<div class=\"elementor-widget-container\">\n\t\t\t\t\t<h4 class=\"elementor-heading-title elementor-size-default\">Projektinformationen<\/h4>\t\t\t\t<\/div>\n\t\t\t\t<\/div>\n\t\t\t\t<div class=\"elementor-element elementor-element-489f1b8d elementor-view-stacked elementor-position-left elementor-shape-circle elementor-mobile-position-top elementor-vertical-align-top elementor-widget elementor-widget-icon-box\" data-id=\"489f1b8d\" data-element_type=\"widget\" data-widget_type=\"icon-box.default\">\n\t\t\t\t<div class=\"elementor-widget-container\">\n\t\t\t\t\t\t\t<div class=\"elementor-icon-box-wrapper\">\n\n\t\t\t\t\t\t<div class=\"elementor-icon-box-icon\">\n\t\t\t\t<span  class=\"elementor-icon\">\n\t\t\t\t<i aria-hidden=\"true\" class=\"rtmicon rtmicon-users\"><\/i>\t\t\t\t<\/span>\n\t\t\t<\/div>\n\t\t\t\n\t\t\t\t\t\t<div class=\"elementor-icon-box-content\">\n\n\t\t\t\t\t\t\t\t\t<h3 class=\"elementor-icon-box-title\">\n\t\t\t\t\t\t<span  >\n\t\t\t\t\t\t\tKunden\t\t\t\t\t\t<\/span>\n\t\t\t\t\t<\/h3>\n\t\t\t\t\n\t\t\t\t\t\t\t\t\t<p class=\"elementor-icon-box-description\">\n\t\t\t\t\t\tEinfamilienhaus-Eigent\u00fcmer\t\t\t\t\t<\/p>\n\t\t\t\t\n\t\t\t<\/div>\n\t\t\t\n\t\t<\/div>\n\t\t\t\t\t\t<\/div>\n\t\t\t\t<\/div>\n\t\t\t\t<div class=\"elementor-element elementor-element-306364a3 elementor-view-stacked elementor-position-left elementor-shape-circle elementor-mobile-position-top elementor-vertical-align-top elementor-widget elementor-widget-icon-box\" data-id=\"306364a3\" data-element_type=\"widget\" data-widget_type=\"icon-box.default\">\n\t\t\t\t<div class=\"elementor-widget-container\">\n\t\t\t\t\t\t\t<div class=\"elementor-icon-box-wrapper\">\n\n\t\t\t\t\t\t<div class=\"elementor-icon-box-icon\">\n\t\t\t\t<span  class=\"elementor-icon\">\n\t\t\t\t<i aria-hidden=\"true\" class=\"rtmicon rtmicon-date-form\"><\/i>\t\t\t\t<\/span>\n\t\t\t<\/div>\n\t\t\t\n\t\t\t\t\t\t<div class=\"elementor-icon-box-content\">\n\n\t\t\t\t\t\t\t\t\t<h3 class=\"elementor-icon-box-title\">\n\t\t\t\t\t\t<span  >\n\t\t\t\t\t\t\tInbetriebnahme\t\t\t\t\t\t<\/span>\n\t\t\t\t\t<\/h3>\n\t\t\t\t\n\t\t\t\t\t\t\t\t\t<p class=\"elementor-icon-box-description\">\n\t\t\t\t\t\t2023\t\t\t\t\t<\/p>\n\t\t\t\t\n\t\t\t<\/div>\n\t\t\t\n\t\t<\/div>\n\t\t\t\t\t\t<\/div>\n\t\t\t\t<\/div>\n\t\t\t\t<div class=\"elementor-element elementor-element-20eb82fb elementor-view-stacked elementor-position-left elementor-shape-circle elementor-mobile-position-top elementor-vertical-align-top elementor-widget elementor-widget-icon-box\" data-id=\"20eb82fb\" data-element_type=\"widget\" data-widget_type=\"icon-box.default\">\n\t\t\t\t<div class=\"elementor-widget-container\">\n\t\t\t\t\t\t\t<div class=\"elementor-icon-box-wrapper\">\n\n\t\t\t\t\t\t<div class=\"elementor-icon-box-icon\">\n\t\t\t\t<span  class=\"elementor-icon\">\n\t\t\t\t<i aria-hidden=\"true\" class=\" ti-location-pin\"><\/i>\t\t\t\t<\/span>\n\t\t\t<\/div>\n\t\t\t\n\t\t\t\t\t\t<div class=\"elementor-icon-box-content\">\n\n\t\t\t\t\t\t\t\t\t<h3 class=\"elementor-icon-box-title\">\n\t\t\t\t\t\t<span  >\n\t\t\t\t\t\t\tRegion\t\t\t\t\t\t<\/span>\n\t\t\t\t\t<\/h3>\n\t\t\t\t\n\t\t\t\t\t\t\t\t\t<p class=\"elementor-icon-box-description\">\n\t\t\t\t\t\tVillingen-Schwenningen\t\t\t\t\t<\/p>\n\t\t\t\t\n\t\t\t<\/div>\n\t\t\t\n\t\t<\/div>\n\t\t\t\t\t\t<\/div>\n\t\t\t\t<\/div>\n\t\t\t\t\t<\/div>\n\t\t\t\t<\/div>\n\t\t<div class=\"elementor-element elementor-element-4e5b3855 e-flex e-con-boxed e-con e-child\" data-id=\"4e5b3855\" data-element_type=\"container\" data-settings=\"{&quot;background_background&quot;:&quot;gradient&quot;}\">\n\t\t\t\t\t<div class=\"e-con-inner\">\n\t\t\t\t<div class=\"elementor-element elementor-element-79ae607 elementor-widget elementor-widget-heading\" data-id=\"79ae607\" data-element_type=\"widget\" data-widget_type=\"heading.default\">\n\t\t\t\t<div class=\"elementor-widget-container\">\n\t\t\t\t\t<h5 class=\"elementor-heading-title elementor-size-default\">Haben Sie Fragen ?<\/h5>\t\t\t\t<\/div>\n\t\t\t\t<\/div>\n\t\t\t\t<div class=\"elementor-element elementor-element-2bdb41b8 elementor-widget elementor-widget-heading\" data-id=\"2bdb41b8\" data-element_type=\"widget\" data-widget_type=\"heading.default\">\n\t\t\t\t<div class=\"elementor-widget-container\">\n\t\t\t\t\t<h4 class=\"elementor-heading-title elementor-size-default\">07720 - 60 998 90<\/h4>\t\t\t\t<\/div>\n\t\t\t\t<\/div>\n\t\t\t\t<div class=\"elementor-element elementor-element-7d25251e elementor-widget elementor-widget-heading\" data-id=\"7d25251e\" data-element_type=\"widget\" data-widget_type=\"heading.default\">\n\t\t\t\t<div class=\"elementor-widget-container\">\n\t\t\t\t\t<h3 class=\"elementor-heading-title elementor-size-default\">Rufen Sie uns an !<\/h3>\t\t\t\t<\/div>\n\t\t\t\t<\/div>\n\t\t\t\t<div class=\"elementor-element elementor-element-1c0e837d elementor-align-justify elementor-widget elementor-widget-button\" data-id=\"1c0e837d\" data-element_type=\"widget\" data-widget_type=\"button.default\">\n\t\t\t\t<div class=\"elementor-widget-container\">\n\t\t\t\t\t\t\t\t\t<div class=\"elementor-button-wrapper\">\n\t\t\t\t\t<a class=\"elementor-button elementor-button-link elementor-size-sm elementor-animation-grow\" href=\"https:\/\/360-solar.de\/zuhause-mit-sonne\/kontakt\/\">\n\t\t\t\t\t\t<span class=\"elementor-button-content-wrapper\">\n\t\t\t\t\t\t\t\t\t<span class=\"elementor-button-text\">oder schreiben sie uns<\/span>\n\t\t\t\t\t<\/span>\n\t\t\t\t\t<\/a>\n\t\t\t\t<\/div>\n\t\t\t\t\t\t\t\t<\/div>\n\t\t\t\t<\/div>\n\t\t\t\t\t<\/div>\n\t\t\t\t<\/div>\n\t\t\t\t<\/div>\n\t\t\t\t\t<\/div>\n\t\t\t\t<\/div>\n\t\t\t\t<\/div>\n\t\t","protected":false},"excerpt":{"rendered":"<p>PV-System Einfamilienhaus Unabh\u00e4ngigkeit zuhause maximiert Ein Kunde entschied sich, seine Unabh\u00e4ngigkeit von den Stromversorgern zu maximieren, indem er in eine Photovoltaikanlage mit Speichersystem investierte. Ziel war es, die eigene Stromproduktion zu steigern und so nicht nur Kosten zu sparen, sondern auch die Kontrolle \u00fcber den Energieverbrauch zu \u00fcbernehmen. Nach der erfolgreichen Installation der Anlage war [&hellip;]<\/p>\n","protected":false},"author":1,"featured_media":0,"parent":0,"menu_order":0,"comment_status":"closed","ping_status":"closed","template":"","meta":{"om_disable_all_campaigns":false,"_monsterinsights_skip_tracking":false,"_monsterinsights_sitenote_active":false,"_monsterinsights_sitenote_note":"","_monsterinsights_sitenote_category":0,"footnotes":""},"class_list":["post-714","page","type-page","status-publish","hentry"],"aioseo_notices":[],"_links":{"self":[{"href":"https:\/\/360-solar.de\/zuhause-mit-sonne\/wp-json\/wp\/v2\/pages\/714","targetHints":{"allow":["GET"]}}],"collection":[{"href":"https:\/\/360-solar.de\/zuhause-mit-sonne\/wp-json\/wp\/v2\/pages"}],"about":[{"href":"https:\/\/360-solar.de\/zuhause-mit-sonne\/wp-json\/wp\/v2\/types\/page"}],"author":[{"embeddable":true,"href":"https:\/\/360-solar.de\/zuhause-mit-sonne\/wp-json\/wp\/v2\/users\/1"}],"replies":[{"embeddable":true,"href":"https:\/\/360-solar.de\/zuhause-mit-sonne\/wp-json\/wp\/v2\/comments?post=714"}],"version-history":[{"count":4,"href":"https:\/\/360-solar.de\/zuhause-mit-sonne\/wp-json\/wp\/v2\/pages\/714\/revisions"}],"predecessor-version":[{"id":721,"href":"https:\/\/360-solar.de\/zuhause-mit-sonne\/wp-json\/wp\/v2\/pages\/714\/revisions\/721"}],"wp:attachment":[{"href":"https:\/\/360-solar.de\/zuhause-mit-sonne\/wp-json\/wp\/v2\/media?parent=714"}],"curies":[{"name":"wp","href":"https:\/\/api.w.org\/{rel}","templated":true}]}}