{"id":696,"date":"2025-01-06T11:58:20","date_gmt":"2025-01-06T10:58:20","guid":{"rendered":"https:\/\/360-solar.de\/zuhause-mit-sonne\/?page_id=696"},"modified":"2025-01-06T11:59:22","modified_gmt":"2025-01-06T10:59:22","slug":"pv-system-pfarrhaus-vs","status":"publish","type":"page","link":"https:\/\/360-solar.de\/zuhause-mit-sonne\/pv-system-pfarrhaus-vs\/","title":{"rendered":"PV-System Pfarrhaus VS"},"content":{"rendered":"\t\t<div data-elementor-type=\"wp-page\" data-elementor-id=\"696\" class=\"elementor elementor-696\" data-elementor-post-type=\"page\">\n\t\t\t\t<div class=\"elementor-element elementor-element-73dcb2bb e-flex e-con-boxed e-con e-parent\" data-id=\"73dcb2bb\" data-element_type=\"container\" data-settings=\"{&quot;background_background&quot;:&quot;classic&quot;}\">\n\t\t\t\t\t<div class=\"e-con-inner\">\n\t\t<div class=\"elementor-element elementor-element-38199ade e-flex e-con-boxed e-con e-child\" data-id=\"38199ade\" data-element_type=\"container\">\n\t\t\t\t\t<div class=\"e-con-inner\">\n\t\t\t\t<div class=\"elementor-element elementor-element-43a57e23 elementor-widget elementor-widget-heading\" data-id=\"43a57e23\" data-element_type=\"widget\" data-widget_type=\"heading.default\">\n\t\t\t\t<div class=\"elementor-widget-container\">\n\t\t\t\t\t<h1 class=\"elementor-heading-title elementor-size-default\">PV-System Pfarrhaus<\/h1>\t\t\t\t<\/div>\n\t\t\t\t<\/div>\n\t\t\t\t\t<\/div>\n\t\t\t\t<\/div>\n\t\t\t\t\t<\/div>\n\t\t\t\t<\/div>\n\t\t<div class=\"elementor-element elementor-element-7fbc57f2 e-flex e-con-boxed e-con e-parent\" data-id=\"7fbc57f2\" data-element_type=\"container\">\n\t\t\t\t\t<div class=\"e-con-inner\">\n\t\t<div class=\"elementor-element elementor-element-250c0454 e-con-full e-flex e-con e-child\" data-id=\"250c0454\" data-element_type=\"container\">\n\t\t\t\t<div class=\"elementor-element elementor-element-403ed924 elementor-widget elementor-widget-image\" data-id=\"403ed924\" data-element_type=\"widget\" data-widget_type=\"image.default\">\n\t\t\t\t<div class=\"elementor-widget-container\">\n\t\t\t\t\t\t\t\t\t\t\t\t\t\t\t<img fetchpriority=\"high\" decoding=\"async\" width=\"2560\" height=\"1920\" src=\"https:\/\/360-solar.de\/zuhause-mit-sonne\/wp-content\/uploads\/sites\/2\/2025\/01\/PVA_Maria_Himmelfahrt-scaled.jpg\" class=\"attachment-full size-full wp-image-488\" alt=\"\" srcset=\"https:\/\/360-solar.de\/zuhause-mit-sonne\/wp-content\/uploads\/sites\/2\/2025\/01\/PVA_Maria_Himmelfahrt-scaled.jpg 2560w, https:\/\/360-solar.de\/zuhause-mit-sonne\/wp-content\/uploads\/sites\/2\/2025\/01\/PVA_Maria_Himmelfahrt-300x225.jpg 300w, https:\/\/360-solar.de\/zuhause-mit-sonne\/wp-content\/uploads\/sites\/2\/2025\/01\/PVA_Maria_Himmelfahrt-1024x768.jpg 1024w, https:\/\/360-solar.de\/zuhause-mit-sonne\/wp-content\/uploads\/sites\/2\/2025\/01\/PVA_Maria_Himmelfahrt-768x576.jpg 768w, https:\/\/360-solar.de\/zuhause-mit-sonne\/wp-content\/uploads\/sites\/2\/2025\/01\/PVA_Maria_Himmelfahrt-1536x1152.jpg 1536w, https:\/\/360-solar.de\/zuhause-mit-sonne\/wp-content\/uploads\/sites\/2\/2025\/01\/PVA_Maria_Himmelfahrt-2048x1536.jpg 2048w\" sizes=\"(max-width: 2560px) 100vw, 2560px\" \/>\t\t\t\t\t\t\t\t\t\t\t\t\t\t\t<\/div>\n\t\t\t\t<\/div>\n\t\t\t\t<div class=\"elementor-element elementor-element-2680652c elementor-widget elementor-widget-heading\" data-id=\"2680652c\" data-element_type=\"widget\" data-widget_type=\"heading.default\">\n\t\t\t\t<div class=\"elementor-widget-container\">\n\t\t\t\t\t<h2 class=\"elementor-heading-title elementor-size-default\">Nachhaltige Energie f\u00fcr das neue Pfarrhaus: Eine Entscheidung im Einklang mit der Sch\u00f6pfung<\/h2>\t\t\t\t<\/div>\n\t\t\t\t<\/div>\n\t\t\t\t<div class=\"elementor-element elementor-element-177b1e2a elementor-widget elementor-widget-text-editor\" data-id=\"177b1e2a\" data-element_type=\"widget\" data-widget_type=\"text-editor.default\">\n\t\t\t\t<div class=\"elementor-widget-container\">\n\t\t\t\t\t\t\t\t\t<p>Eine katholische Kirchengemeinde entschied sich beim Neubau ihres Pfarrhauses f\u00fcr eine nachhaltige L\u00f6sung und setzte auf die Installation einer Photovoltaikanlage. Das Ziel war es, den Betrieb des neuen Geb\u00e4udes umweltfreundlich zu gestalten und gleichzeitig Energiekosten zu sparen.<\/p><p>\u201eAls Kirchengemeinde haben wir nicht nur eine Verantwortung f\u00fcr unsere Gemeinde, sondern auch f\u00fcr die Sch\u00f6pfung\u201c, erkl\u00e4rt der Auftraggeber. \u201eDie Entscheidung, eine Photovoltaikanlage zu installieren, war ein Schritt, um unseren \u00f6kologischen Fu\u00dfabdruck zu verringern und die Kirche als Vorbild f\u00fcr nachhaltiges Handeln zu positionieren.\u201c<\/p><p>Die Photovoltaikanlage sorgt nun f\u00fcr die Stromversorgung des Pfarrhauses und deckt einen gro\u00dfen Teil des Energiebedarfs. \u00dcbersch\u00fcssiger Solarstrom wird ins Netz eingespeist, was der Kirchengemeinde zus\u00e4tzliche Einnahmen verschafft. Diese Einsparungen k\u00f6nnen in die sozialen Projekte und Aktivit\u00e4ten der Gemeinde flie\u00dfen.<\/p><p>Neben der finanziellen Entlastung tr\u00e4gt die Anlage auch zum Umweltschutz bei. \u201eWir sind stolz darauf, dass das neue Pfarrhaus ein Beispiel f\u00fcr verantwortungsvolles Handeln ist und wir mit der Nutzung von Solarenergie einen Beitrag zur Bewahrung der Sch\u00f6pfung leisten\u201c, so unser Kunde weiter.<\/p><p>Mit der Installation der Photovoltaikanlage hat die Kirchengemeinde nicht nur eine zukunftsf\u00e4hige L\u00f6sung f\u00fcr die Energieversorgung des Pfarrhauses gefunden, sondern auch ein starkes Zeichen f\u00fcr Nachhaltigkeit und Umweltschutz gesetzt.<\/p>\t\t\t\t\t\t\t\t<\/div>\n\t\t\t\t<\/div>\n\t\t\t\t<div class=\"elementor-element elementor-element-460a5709 elementor-widget elementor-widget-heading\" data-id=\"460a5709\" data-element_type=\"widget\" data-widget_type=\"heading.default\">\n\t\t\t\t<div class=\"elementor-widget-container\">\n\t\t\t\t\t<h3 class=\"elementor-heading-title elementor-size-default\">Herausforderungen beim Neubau: Hohe Brandschutzanforderungen und technische L\u00f6sungen f\u00fcr die Photovoltaikanlage<\/h3>\t\t\t\t<\/div>\n\t\t\t\t<\/div>\n\t\t\t\t<div class=\"elementor-element elementor-element-38f3522b elementor-widget elementor-widget-text-editor\" data-id=\"38f3522b\" data-element_type=\"widget\" data-widget_type=\"text-editor.default\">\n\t\t\t\t<div class=\"elementor-widget-container\">\n\t\t\t\t\t\t\t\t\t<p>Das Projekt stellte die Kirchengemeinde vor einige Herausforderungen, insbesondere in Bezug auf die hohen baulichen Standards, die beim Neubau des Pfarrhauses eingehalten werden mussten. Besonders der Brandschutz spielte eine zentrale Rolle, da die gesetzlichen Vorgaben f\u00fcr \u00f6ffentliche Geb\u00e4ude streng waren und eine sorgf\u00e4ltige Planung erforderten. Die Installation der Photovoltaikanlage musste so konzipiert werden, dass sie mit den brandschutztechnischen Anforderungen des Geb\u00e4udes in Einklang stand, ohne die Sicherheit oder die strukturelle Integrit\u00e4t zu gef\u00e4hrden.<\/p><p>Zus\u00e4tzlich waren besondere Vorkehrungen notwendig, um die Solaranlage mit dem restlichen Geb\u00e4ude und den vorhandenen Sicherheitsvorschriften zu kombinieren. Es mussten L\u00f6sungen gefunden werden, die sowohl den \u00f6kologischen Zielen als auch den technischen und sicherheitsrelevanten Anforderungen gerecht wurden. Dank der engen Zusammenarbeit mit unseren Fachplanern und dem zust\u00e4ndigen Architekturb\u00fcro konnte das Projekt jedoch erfolgreich realisiert werden.<\/p>\t\t\t\t\t\t\t\t<\/div>\n\t\t\t\t<\/div>\n\t\t<div class=\"elementor-element elementor-element-42201839 e-con-full e-flex e-con e-child\" data-id=\"42201839\" data-element_type=\"container\">\n\t\t<div class=\"elementor-element elementor-element-361f3fcc e-con-full e-flex e-con e-child\" data-id=\"361f3fcc\" data-element_type=\"container\">\n\t\t\t\t<div class=\"elementor-element elementor-element-45b3f119 elementor-widget elementor-widget-image\" data-id=\"45b3f119\" data-element_type=\"widget\" data-widget_type=\"image.default\">\n\t\t\t\t<div class=\"elementor-widget-container\">\n\t\t\t\t\t\t\t\t\t\t\t\t\t\t\t<img decoding=\"async\" width=\"2560\" height=\"1920\" src=\"https:\/\/360-solar.de\/zuhause-mit-sonne\/wp-content\/uploads\/sites\/2\/2025\/01\/PVA_Pfarrhaus-scaled.jpg\" class=\"attachment-full size-full wp-image-698\" alt=\"\" srcset=\"https:\/\/360-solar.de\/zuhause-mit-sonne\/wp-content\/uploads\/sites\/2\/2025\/01\/PVA_Pfarrhaus-scaled.jpg 2560w, https:\/\/360-solar.de\/zuhause-mit-sonne\/wp-content\/uploads\/sites\/2\/2025\/01\/PVA_Pfarrhaus-300x225.jpg 300w, https:\/\/360-solar.de\/zuhause-mit-sonne\/wp-content\/uploads\/sites\/2\/2025\/01\/PVA_Pfarrhaus-1024x768.jpg 1024w, https:\/\/360-solar.de\/zuhause-mit-sonne\/wp-content\/uploads\/sites\/2\/2025\/01\/PVA_Pfarrhaus-768x576.jpg 768w, https:\/\/360-solar.de\/zuhause-mit-sonne\/wp-content\/uploads\/sites\/2\/2025\/01\/PVA_Pfarrhaus-1536x1152.jpg 1536w, https:\/\/360-solar.de\/zuhause-mit-sonne\/wp-content\/uploads\/sites\/2\/2025\/01\/PVA_Pfarrhaus-2048x1536.jpg 2048w\" sizes=\"(max-width: 2560px) 100vw, 2560px\" \/>\t\t\t\t\t\t\t\t\t\t\t\t\t\t\t<\/div>\n\t\t\t\t<\/div>\n\t\t\t\t<\/div>\n\t\t<div class=\"elementor-element elementor-element-3527330d e-con-full e-flex e-con e-child\" data-id=\"3527330d\" data-element_type=\"container\">\n\t\t\t\t<div class=\"elementor-element elementor-element-a5466ef elementor-widget elementor-widget-image\" data-id=\"a5466ef\" data-element_type=\"widget\" data-widget_type=\"image.default\">\n\t\t\t\t<div class=\"elementor-widget-container\">\n\t\t\t\t\t\t\t\t\t\t\t\t\t\t\t<img decoding=\"async\" width=\"2560\" height=\"1920\" src=\"https:\/\/360-solar.de\/zuhause-mit-sonne\/wp-content\/uploads\/sites\/2\/2025\/01\/PVA_Pfarrhaus_II-scaled.jpg\" class=\"attachment-full size-full wp-image-699\" alt=\"\" srcset=\"https:\/\/360-solar.de\/zuhause-mit-sonne\/wp-content\/uploads\/sites\/2\/2025\/01\/PVA_Pfarrhaus_II-scaled.jpg 2560w, https:\/\/360-solar.de\/zuhause-mit-sonne\/wp-content\/uploads\/sites\/2\/2025\/01\/PVA_Pfarrhaus_II-300x225.jpg 300w, https:\/\/360-solar.de\/zuhause-mit-sonne\/wp-content\/uploads\/sites\/2\/2025\/01\/PVA_Pfarrhaus_II-1024x768.jpg 1024w, https:\/\/360-solar.de\/zuhause-mit-sonne\/wp-content\/uploads\/sites\/2\/2025\/01\/PVA_Pfarrhaus_II-768x576.jpg 768w, https:\/\/360-solar.de\/zuhause-mit-sonne\/wp-content\/uploads\/sites\/2\/2025\/01\/PVA_Pfarrhaus_II-1536x1152.jpg 1536w, https:\/\/360-solar.de\/zuhause-mit-sonne\/wp-content\/uploads\/sites\/2\/2025\/01\/PVA_Pfarrhaus_II-2048x1536.jpg 2048w\" sizes=\"(max-width: 2560px) 100vw, 2560px\" \/>\t\t\t\t\t\t\t\t\t\t\t\t\t\t\t<\/div>\n\t\t\t\t<\/div>\n\t\t\t\t<\/div>\n\t\t\t\t<\/div>\n\t\t\t\t<\/div>\n\t\t<div class=\"elementor-element elementor-element-3a2ea21b e-con-full e-flex e-con e-child\" data-id=\"3a2ea21b\" data-element_type=\"container\">\n\t\t<div class=\"elementor-element elementor-element-19bff406 e-flex e-con-boxed e-con e-child\" data-id=\"19bff406\" data-element_type=\"container\" data-settings=\"{&quot;background_background&quot;:&quot;classic&quot;}\">\n\t\t\t\t\t<div class=\"e-con-inner\">\n\t\t\t\t<div class=\"elementor-element elementor-element-29286cd3 elementor-widget elementor-widget-heading\" data-id=\"29286cd3\" data-element_type=\"widget\" data-widget_type=\"heading.default\">\n\t\t\t\t<div class=\"elementor-widget-container\">\n\t\t\t\t\t<h4 class=\"elementor-heading-title elementor-size-default\">Projektinformationen<\/h4>\t\t\t\t<\/div>\n\t\t\t\t<\/div>\n\t\t\t\t<div class=\"elementor-element elementor-element-489f1b8d elementor-view-stacked elementor-position-left elementor-shape-circle elementor-mobile-position-top elementor-vertical-align-top elementor-widget elementor-widget-icon-box\" data-id=\"489f1b8d\" data-element_type=\"widget\" data-widget_type=\"icon-box.default\">\n\t\t\t\t<div class=\"elementor-widget-container\">\n\t\t\t\t\t\t\t<div class=\"elementor-icon-box-wrapper\">\n\n\t\t\t\t\t\t<div class=\"elementor-icon-box-icon\">\n\t\t\t\t<span  class=\"elementor-icon\">\n\t\t\t\t<i aria-hidden=\"true\" class=\"rtmicon rtmicon-users\"><\/i>\t\t\t\t<\/span>\n\t\t\t<\/div>\n\t\t\t\n\t\t\t\t\t\t<div class=\"elementor-icon-box-content\">\n\n\t\t\t\t\t\t\t\t\t<h3 class=\"elementor-icon-box-title\">\n\t\t\t\t\t\t<span  >\n\t\t\t\t\t\t\tKunden\t\t\t\t\t\t<\/span>\n\t\t\t\t\t<\/h3>\n\t\t\t\t\n\t\t\t\t\t\t\t\t\t<p class=\"elementor-icon-box-description\">\n\t\t\t\t\t\tGemeinn\u00fctziger Auftraggeber\t\t\t\t\t<\/p>\n\t\t\t\t\n\t\t\t<\/div>\n\t\t\t\n\t\t<\/div>\n\t\t\t\t\t\t<\/div>\n\t\t\t\t<\/div>\n\t\t\t\t<div class=\"elementor-element elementor-element-306364a3 elementor-view-stacked elementor-position-left elementor-shape-circle elementor-mobile-position-top elementor-vertical-align-top elementor-widget elementor-widget-icon-box\" data-id=\"306364a3\" data-element_type=\"widget\" data-widget_type=\"icon-box.default\">\n\t\t\t\t<div class=\"elementor-widget-container\">\n\t\t\t\t\t\t\t<div class=\"elementor-icon-box-wrapper\">\n\n\t\t\t\t\t\t<div class=\"elementor-icon-box-icon\">\n\t\t\t\t<span  class=\"elementor-icon\">\n\t\t\t\t<i aria-hidden=\"true\" class=\"rtmicon rtmicon-date-form\"><\/i>\t\t\t\t<\/span>\n\t\t\t<\/div>\n\t\t\t\n\t\t\t\t\t\t<div class=\"elementor-icon-box-content\">\n\n\t\t\t\t\t\t\t\t\t<h3 class=\"elementor-icon-box-title\">\n\t\t\t\t\t\t<span  >\n\t\t\t\t\t\t\tInbetriebnahme\t\t\t\t\t\t<\/span>\n\t\t\t\t\t<\/h3>\n\t\t\t\t\n\t\t\t\t\t\t\t\t\t<p class=\"elementor-icon-box-description\">\n\t\t\t\t\t\t2024\t\t\t\t\t<\/p>\n\t\t\t\t\n\t\t\t<\/div>\n\t\t\t\n\t\t<\/div>\n\t\t\t\t\t\t<\/div>\n\t\t\t\t<\/div>\n\t\t\t\t<div class=\"elementor-element elementor-element-20eb82fb elementor-view-stacked elementor-position-left elementor-shape-circle elementor-mobile-position-top elementor-vertical-align-top elementor-widget elementor-widget-icon-box\" data-id=\"20eb82fb\" data-element_type=\"widget\" data-widget_type=\"icon-box.default\">\n\t\t\t\t<div class=\"elementor-widget-container\">\n\t\t\t\t\t\t\t<div class=\"elementor-icon-box-wrapper\">\n\n\t\t\t\t\t\t<div class=\"elementor-icon-box-icon\">\n\t\t\t\t<span  class=\"elementor-icon\">\n\t\t\t\t<i aria-hidden=\"true\" class=\" ti-location-pin\"><\/i>\t\t\t\t<\/span>\n\t\t\t<\/div>\n\t\t\t\n\t\t\t\t\t\t<div class=\"elementor-icon-box-content\">\n\n\t\t\t\t\t\t\t\t\t<h3 class=\"elementor-icon-box-title\">\n\t\t\t\t\t\t<span  >\n\t\t\t\t\t\t\tRegion\t\t\t\t\t\t<\/span>\n\t\t\t\t\t<\/h3>\n\t\t\t\t\n\t\t\t\t\t\t\t\t\t<p class=\"elementor-icon-box-description\">\n\t\t\t\t\t\tSchwarzwald-Baar-Kreis\t\t\t\t\t<\/p>\n\t\t\t\t\n\t\t\t<\/div>\n\t\t\t\n\t\t<\/div>\n\t\t\t\t\t\t<\/div>\n\t\t\t\t<\/div>\n\t\t\t\t\t<\/div>\n\t\t\t\t<\/div>\n\t\t<div class=\"elementor-element elementor-element-4e5b3855 e-flex e-con-boxed e-con e-child\" data-id=\"4e5b3855\" data-element_type=\"container\" data-settings=\"{&quot;background_background&quot;:&quot;gradient&quot;}\">\n\t\t\t\t\t<div class=\"e-con-inner\">\n\t\t\t\t<div class=\"elementor-element elementor-element-79ae607 elementor-widget elementor-widget-heading\" data-id=\"79ae607\" data-element_type=\"widget\" data-widget_type=\"heading.default\">\n\t\t\t\t<div class=\"elementor-widget-container\">\n\t\t\t\t\t<h5 class=\"elementor-heading-title elementor-size-default\">Haben Sie Fragen ?<\/h5>\t\t\t\t<\/div>\n\t\t\t\t<\/div>\n\t\t\t\t<div class=\"elementor-element elementor-element-2bdb41b8 elementor-widget elementor-widget-heading\" data-id=\"2bdb41b8\" data-element_type=\"widget\" data-widget_type=\"heading.default\">\n\t\t\t\t<div class=\"elementor-widget-container\">\n\t\t\t\t\t<h4 class=\"elementor-heading-title elementor-size-default\">07720 - 60 998 90<\/h4>\t\t\t\t<\/div>\n\t\t\t\t<\/div>\n\t\t\t\t<div class=\"elementor-element elementor-element-7d25251e elementor-widget elementor-widget-heading\" data-id=\"7d25251e\" data-element_type=\"widget\" data-widget_type=\"heading.default\">\n\t\t\t\t<div class=\"elementor-widget-container\">\n\t\t\t\t\t<h3 class=\"elementor-heading-title elementor-size-default\">Rufen Sie uns an !<\/h3>\t\t\t\t<\/div>\n\t\t\t\t<\/div>\n\t\t\t\t<div class=\"elementor-element elementor-element-1c0e837d elementor-align-justify elementor-widget elementor-widget-button\" data-id=\"1c0e837d\" data-element_type=\"widget\" data-widget_type=\"button.default\">\n\t\t\t\t<div class=\"elementor-widget-container\">\n\t\t\t\t\t\t\t\t\t<div class=\"elementor-button-wrapper\">\n\t\t\t\t\t<a class=\"elementor-button elementor-button-link elementor-size-sm elementor-animation-grow\" href=\"https:\/\/360-solar.de\/zuhause-mit-sonne\/kontakt\/\">\n\t\t\t\t\t\t<span class=\"elementor-button-content-wrapper\">\n\t\t\t\t\t\t\t\t\t<span class=\"elementor-button-text\">oder schreiben sie uns<\/span>\n\t\t\t\t\t<\/span>\n\t\t\t\t\t<\/a>\n\t\t\t\t<\/div>\n\t\t\t\t\t\t\t\t<\/div>\n\t\t\t\t<\/div>\n\t\t\t\t\t<\/div>\n\t\t\t\t<\/div>\n\t\t\t\t<\/div>\n\t\t\t\t\t<\/div>\n\t\t\t\t<\/div>\n\t\t\t\t<\/div>\n\t\t","protected":false},"excerpt":{"rendered":"<p>PV-System Pfarrhaus Nachhaltige Energie f\u00fcr das neue Pfarrhaus: Eine Entscheidung im Einklang mit der Sch\u00f6pfung Eine katholische Kirchengemeinde entschied sich beim Neubau ihres Pfarrhauses f\u00fcr eine nachhaltige L\u00f6sung und setzte auf die Installation einer Photovoltaikanlage. Das Ziel war es, den Betrieb des neuen Geb\u00e4udes umweltfreundlich zu gestalten und gleichzeitig Energiekosten zu sparen. \u201eAls Kirchengemeinde haben [&hellip;]<\/p>\n","protected":false},"author":1,"featured_media":0,"parent":0,"menu_order":0,"comment_status":"closed","ping_status":"closed","template":"","meta":{"om_disable_all_campaigns":false,"_monsterinsights_skip_tracking":false,"_monsterinsights_sitenote_active":false,"_monsterinsights_sitenote_note":"","_monsterinsights_sitenote_category":0,"footnotes":""},"class_list":["post-696","page","type-page","status-publish","hentry"],"aioseo_notices":[],"_links":{"self":[{"href":"https:\/\/360-solar.de\/zuhause-mit-sonne\/wp-json\/wp\/v2\/pages\/696","targetHints":{"allow":["GET"]}}],"collection":[{"href":"https:\/\/360-solar.de\/zuhause-mit-sonne\/wp-json\/wp\/v2\/pages"}],"about":[{"href":"https:\/\/360-solar.de\/zuhause-mit-sonne\/wp-json\/wp\/v2\/types\/page"}],"author":[{"embeddable":true,"href":"https:\/\/360-solar.de\/zuhause-mit-sonne\/wp-json\/wp\/v2\/users\/1"}],"replies":[{"embeddable":true,"href":"https:\/\/360-solar.de\/zuhause-mit-sonne\/wp-json\/wp\/v2\/comments?post=696"}],"version-history":[{"count":4,"href":"https:\/\/360-solar.de\/zuhause-mit-sonne\/wp-json\/wp\/v2\/pages\/696\/revisions"}],"predecessor-version":[{"id":702,"href":"https:\/\/360-solar.de\/zuhause-mit-sonne\/wp-json\/wp\/v2\/pages\/696\/revisions\/702"}],"wp:attachment":[{"href":"https:\/\/360-solar.de\/zuhause-mit-sonne\/wp-json\/wp\/v2\/media?parent=696"}],"curies":[{"name":"wp","href":"https:\/\/api.w.org\/{rel}","templated":true}]}}