{"id":623,"date":"2025-01-06T10:08:41","date_gmt":"2025-01-06T09:08:41","guid":{"rendered":"https:\/\/360-solar.de\/zuhause-mit-sonne\/?page_id=623"},"modified":"2025-01-06T10:20:45","modified_gmt":"2025-01-06T09:20:45","slug":"waermeerzeugung","status":"publish","type":"page","link":"https:\/\/360-solar.de\/zuhause-mit-sonne\/waermeerzeugung\/","title":{"rendered":"W\u00e4rmeerzeugung"},"content":{"rendered":"\t\t<div data-elementor-type=\"wp-page\" data-elementor-id=\"623\" class=\"elementor elementor-623\" data-elementor-post-type=\"page\">\n\t\t\t\t<div class=\"elementor-element elementor-element-1e6848da e-flex e-con-boxed e-con e-parent\" data-id=\"1e6848da\" data-element_type=\"container\" data-settings=\"{&quot;background_background&quot;:&quot;classic&quot;}\">\n\t\t\t\t\t<div class=\"e-con-inner\">\n\t\t<div class=\"elementor-element elementor-element-621d0422 e-flex e-con-boxed e-con e-child\" data-id=\"621d0422\" data-element_type=\"container\">\n\t\t\t\t\t<div class=\"e-con-inner\">\n\t\t\t\t<div class=\"elementor-element elementor-element-10b05012 elementor-widget__width-initial elementor-widget elementor-widget-heading\" data-id=\"10b05012\" data-element_type=\"widget\" data-widget_type=\"heading.default\">\n\t\t\t\t<div class=\"elementor-widget-container\">\n\t\t\t\t\t<h1 class=\"elementor-heading-title elementor-size-default\">W\u00e4rmeerzeugung<\/h1>\t\t\t\t<\/div>\n\t\t\t\t<\/div>\n\t\t\t\t\t<\/div>\n\t\t\t\t<\/div>\n\t\t\t\t\t<\/div>\n\t\t\t\t<\/div>\n\t\t<div class=\"elementor-element elementor-element-4cc1697d e-flex e-con-boxed e-con e-parent\" data-id=\"4cc1697d\" data-element_type=\"container\">\n\t\t\t\t\t<div class=\"e-con-inner\">\n\t\t<div class=\"elementor-element elementor-element-39635543 e-con-full e-flex e-con e-child\" data-id=\"39635543\" data-element_type=\"container\">\n\t\t<div class=\"elementor-element elementor-element-4c520e29 e-flex e-con-boxed e-con e-child\" data-id=\"4c520e29\" data-element_type=\"container\" data-settings=\"{&quot;background_background&quot;:&quot;classic&quot;}\">\n\t\t\t\t\t<div class=\"e-con-inner\">\n\t\t\t\t<div class=\"elementor-element elementor-element-e20b61e elementor-widget elementor-widget-heading\" data-id=\"e20b61e\" data-element_type=\"widget\" data-widget_type=\"heading.default\">\n\t\t\t\t<div class=\"elementor-widget-container\">\n\t\t\t\t\t<h5 class=\"elementor-heading-title elementor-size-default\">Energiel\u00f6sungen<\/h5>\t\t\t\t<\/div>\n\t\t\t\t<\/div>\n\t\t\t\t<div class=\"elementor-element elementor-element-180cd0be elementor-align-justify elementor-widget elementor-widget-button\" data-id=\"180cd0be\" data-element_type=\"widget\" data-widget_type=\"button.default\">\n\t\t\t\t<div class=\"elementor-widget-container\">\n\t\t\t\t\t\t\t\t\t<div class=\"elementor-button-wrapper\">\n\t\t\t\t\t<a class=\"elementor-button elementor-button-link elementor-size-sm elementor-animation-grow\" href=\"https:\/\/360-solar.de\/zuhause-mit-sonne\/photovoltaik-systeme\/\">\n\t\t\t\t\t\t<span class=\"elementor-button-content-wrapper\">\n\t\t\t\t\t\t\t\t\t<span class=\"elementor-button-text\">Photovoltaik-Systeme<\/span>\n\t\t\t\t\t<\/span>\n\t\t\t\t\t<\/a>\n\t\t\t\t<\/div>\n\t\t\t\t\t\t\t\t<\/div>\n\t\t\t\t<\/div>\n\t\t\t\t<div class=\"elementor-element elementor-element-37a9d5fc elementor-align-justify elementor-widget elementor-widget-button\" data-id=\"37a9d5fc\" data-element_type=\"widget\" data-widget_type=\"button.default\">\n\t\t\t\t<div class=\"elementor-widget-container\">\n\t\t\t\t\t\t\t\t\t<div class=\"elementor-button-wrapper\">\n\t\t\t\t\t<a class=\"elementor-button elementor-button-link elementor-size-sm elementor-animation-grow\" href=\"#\">\n\t\t\t\t\t\t<span class=\"elementor-button-content-wrapper\">\n\t\t\t\t\t\t\t\t\t<span class=\"elementor-button-text\">Batteriesysteme<\/span>\n\t\t\t\t\t<\/span>\n\t\t\t\t\t<\/a>\n\t\t\t\t<\/div>\n\t\t\t\t\t\t\t\t<\/div>\n\t\t\t\t<\/div>\n\t\t\t\t<div class=\"elementor-element elementor-element-5f7a582d elementor-align-justify elementor-widget elementor-widget-button\" data-id=\"5f7a582d\" data-element_type=\"widget\" data-widget_type=\"button.default\">\n\t\t\t\t<div class=\"elementor-widget-container\">\n\t\t\t\t\t\t\t\t\t<div class=\"elementor-button-wrapper\">\n\t\t\t\t\t<a class=\"elementor-button elementor-button-link elementor-size-sm elementor-animation-grow\" href=\"#\">\n\t\t\t\t\t\t<span class=\"elementor-button-content-wrapper\">\n\t\t\t\t\t\t\t\t\t<span class=\"elementor-button-text\">Ladestation <\/span>\n\t\t\t\t\t<\/span>\n\t\t\t\t\t<\/a>\n\t\t\t\t<\/div>\n\t\t\t\t\t\t\t\t<\/div>\n\t\t\t\t<\/div>\n\t\t\t\t<div class=\"elementor-element elementor-element-431afe87 elementor-align-justify elementor-widget elementor-widget-button\" data-id=\"431afe87\" data-element_type=\"widget\" data-widget_type=\"button.default\">\n\t\t\t\t<div class=\"elementor-widget-container\">\n\t\t\t\t\t\t\t\t\t<div class=\"elementor-button-wrapper\">\n\t\t\t\t\t<a class=\"elementor-button elementor-button-link elementor-size-sm elementor-animation-grow\" href=\"#\">\n\t\t\t\t\t\t<span class=\"elementor-button-content-wrapper\">\n\t\t\t\t\t\t\t\t\t<span class=\"elementor-button-text\">PV-carports<\/span>\n\t\t\t\t\t<\/span>\n\t\t\t\t\t<\/a>\n\t\t\t\t<\/div>\n\t\t\t\t\t\t\t\t<\/div>\n\t\t\t\t<\/div>\n\t\t\t\t<div class=\"elementor-element elementor-element-53b9620f elementor-align-justify elementor-widget elementor-widget-button\" data-id=\"53b9620f\" data-element_type=\"widget\" data-widget_type=\"button.default\">\n\t\t\t\t<div class=\"elementor-widget-container\">\n\t\t\t\t\t\t\t\t\t<div class=\"elementor-button-wrapper\">\n\t\t\t\t\t<a class=\"elementor-button elementor-button-link elementor-size-sm elementor-animation-grow\" href=\"#\">\n\t\t\t\t\t\t<span class=\"elementor-button-content-wrapper\">\n\t\t\t\t\t\t\t\t\t<span class=\"elementor-button-text\">PV-Terrassen\u00fcberdachung<\/span>\n\t\t\t\t\t<\/span>\n\t\t\t\t\t<\/a>\n\t\t\t\t<\/div>\n\t\t\t\t\t\t\t\t<\/div>\n\t\t\t\t<\/div>\n\t\t\t\t<div class=\"elementor-element elementor-element-3ee6c26 elementor-align-justify elementor-widget elementor-widget-button\" data-id=\"3ee6c26\" data-element_type=\"widget\" data-widget_type=\"button.default\">\n\t\t\t\t<div class=\"elementor-widget-container\">\n\t\t\t\t\t\t\t\t\t<div class=\"elementor-button-wrapper\">\n\t\t\t\t\t<a class=\"elementor-button elementor-button-link elementor-size-sm elementor-animation-grow\" href=\"#\">\n\t\t\t\t\t\t<span class=\"elementor-button-content-wrapper\">\n\t\t\t\t\t\t\t\t\t<span class=\"elementor-button-text\">W\u00e4rmeerzeugung<\/span>\n\t\t\t\t\t<\/span>\n\t\t\t\t\t<\/a>\n\t\t\t\t<\/div>\n\t\t\t\t\t\t\t\t<\/div>\n\t\t\t\t<\/div>\n\t\t\t\t\t<\/div>\n\t\t\t\t<\/div>\n\t\t<div class=\"elementor-element elementor-element-3b32e236 e-flex e-con-boxed e-con e-child\" data-id=\"3b32e236\" data-element_type=\"container\" data-settings=\"{&quot;background_background&quot;:&quot;gradient&quot;}\">\n\t\t\t\t\t<div class=\"e-con-inner\">\n\t\t\t\t<div class=\"elementor-element elementor-element-fb85a81 elementor-widget elementor-widget-heading\" data-id=\"fb85a81\" data-element_type=\"widget\" data-widget_type=\"heading.default\">\n\t\t\t\t<div class=\"elementor-widget-container\">\n\t\t\t\t\t<h4 class=\"elementor-heading-title elementor-size-default\">Kostenlose Beratung ?<\/h4>\t\t\t\t<\/div>\n\t\t\t\t<\/div>\n\t\t\t\t<div class=\"elementor-element elementor-element-43e589bc elementor-widget elementor-widget-heading\" data-id=\"43e589bc\" data-element_type=\"widget\" data-widget_type=\"heading.default\">\n\t\t\t\t<div class=\"elementor-widget-container\">\n\t\t\t\t\t<h3 class=\"elementor-heading-title elementor-size-default\">07721 - 60 998 90<\/h3>\t\t\t\t<\/div>\n\t\t\t\t<\/div>\n\t\t\t\t<div class=\"elementor-element elementor-element-70470adb elementor-widget elementor-widget-heading\" data-id=\"70470adb\" data-element_type=\"widget\" data-widget_type=\"heading.default\">\n\t\t\t\t<div class=\"elementor-widget-container\">\n\t\t\t\t\t<h4 class=\"elementor-heading-title elementor-size-default\">Wir freuen uns auf Ihren Anruf !<\/h4>\t\t\t\t<\/div>\n\t\t\t\t<\/div>\n\t\t\t\t<div class=\"elementor-element elementor-element-52cf0c1 elementor-align-justify elementor-widget elementor-widget-button\" data-id=\"52cf0c1\" data-element_type=\"widget\" data-widget_type=\"button.default\">\n\t\t\t\t<div class=\"elementor-widget-container\">\n\t\t\t\t\t\t\t\t\t<div class=\"elementor-button-wrapper\">\n\t\t\t\t\t<a class=\"elementor-button elementor-button-link elementor-size-sm elementor-animation-grow\" href=\"https:\/\/360-solar.de\/zuhause-mit-sonne\/kontakt\/\">\n\t\t\t\t\t\t<span class=\"elementor-button-content-wrapper\">\n\t\t\t\t\t\t\t\t\t<span class=\"elementor-button-text\">oder schreiben Sie uns<\/span>\n\t\t\t\t\t<\/span>\n\t\t\t\t\t<\/a>\n\t\t\t\t<\/div>\n\t\t\t\t\t\t\t\t<\/div>\n\t\t\t\t<\/div>\n\t\t\t\t\t<\/div>\n\t\t\t\t<\/div>\n\t\t\t\t<\/div>\n\t\t<div class=\"elementor-element elementor-element-4e5d4eac e-con-full e-flex e-con e-child\" data-id=\"4e5d4eac\" data-element_type=\"container\">\n\t\t\t\t<div class=\"elementor-element elementor-element-5f1aabc4 elementor-widget elementor-widget-image\" data-id=\"5f1aabc4\" data-element_type=\"widget\" data-widget_type=\"image.default\">\n\t\t\t\t<div class=\"elementor-widget-container\">\n\t\t\t\t\t\t\t\t\t\t\t\t\t\t\t<img decoding=\"async\" src=\"https:\/\/360-solar.de\/zuhause-mit-sonne\/wp-content\/uploads\/sites\/2\/2025\/01\/modern-house-with-renewable-energy-air-source-heat-pumps-installed-on-the-front-.jpg\" title=\"Modern house with renewable energy: air source heat pumps installed on the front.\" alt=\"Modern house with renewable energy: air source heat pumps installed on the front.\" loading=\"lazy\" \/>\t\t\t\t\t\t\t\t\t\t\t\t\t\t\t<\/div>\n\t\t\t\t<\/div>\n\t\t\t\t<div class=\"elementor-element elementor-element-5a3da3a2 elementor-widget elementor-widget-heading\" data-id=\"5a3da3a2\" data-element_type=\"widget\" data-widget_type=\"heading.default\">\n\t\t\t\t<div class=\"elementor-widget-container\">\n\t\t\t\t\t<h2 class=\"elementor-heading-title elementor-size-default\">SAUBER UND G\u00dcNSTIG HEIZEN\n<\/h2>\t\t\t\t<\/div>\n\t\t\t\t<\/div>\n\t\t\t\t<div class=\"elementor-element elementor-element-7cdbf43 elementor-widget elementor-widget-heading\" data-id=\"7cdbf43\" data-element_type=\"widget\" data-widget_type=\"heading.default\">\n\t\t\t\t<div class=\"elementor-widget-container\">\n\t\t\t\t\t<h4 class=\"elementor-heading-title elementor-size-default\">Nachhaltige W\u00e4rme mit Solarstrom: Effizient, kostensparend, unabh\u00e4ngig<\/h4>\t\t\t\t<\/div>\n\t\t\t\t<\/div>\n\t\t\t\t<div class=\"elementor-element elementor-element-1d45275a elementor-widget elementor-widget-text-editor\" data-id=\"1d45275a\" data-element_type=\"widget\" data-widget_type=\"text-editor.default\">\n\t\t\t\t<div class=\"elementor-widget-container\">\n\t\t\t\t\t\t\t\t\t<div class=\"kt-infobox-textcontent\"><div class=\"kt-infobox-textcontent\"><p class=\"kt-blocks-info-box-text\">Eine Photovoltaikanlage in Kombination mit W\u00e4rmepumpe und Heizstab bietet gleich mehrere Vorteile: Sie erzeugt sauberen, erneuerbaren Strom, mit dem Sie Ihre Heizung effizient betreiben k\u00f6nnen, und reduziert Ihre Abh\u00e4ngigkeit von fossilen Energietr\u00e4gern. Der \u00fcbersch\u00fcssige Solarstrom kann direkt f\u00fcr den Heizstab genutzt werden, um Warmwasser zu erzeugen, was Ihre Energiekosten weiter senkt. So bleiben Sie unabh\u00e4ngig von steigenden Strompreisen und profitieren von einer umweltfreundlichen W\u00e4rmeversorgung.<\/p><\/div><\/div>\t\t\t\t\t\t\t\t<\/div>\n\t\t\t\t<\/div>\n\t\t\t\t<div class=\"elementor-element elementor-element-52c8108 elementor-widget elementor-widget-heading\" data-id=\"52c8108\" data-element_type=\"widget\" data-widget_type=\"heading.default\">\n\t\t\t\t<div class=\"elementor-widget-container\">\n\t\t\t\t\t<h4 class=\"elementor-heading-title elementor-size-default\">Effiziente Warmwasserbereitung: Heizst\u00e4be mit Solarstrom betreiben<\/h4>\t\t\t\t<\/div>\n\t\t\t\t<\/div>\n\t\t\t\t<div class=\"elementor-element elementor-element-d22a1b9 elementor-widget elementor-widget-text-editor\" data-id=\"d22a1b9\" data-element_type=\"widget\" data-widget_type=\"text-editor.default\">\n\t\t\t\t<div class=\"elementor-widget-container\">\n\t\t\t\t\t\t\t\t\t<p>Luft-Wasser W\u00e4rmepumpen beziehen ca. 75 % ihres Energiebedarfs aus der Umgebungsluft. Somit entsteht eine deutliche Ersparnis bei der Bereitung von Heiz- und Warmwasser.<\/p><p>Mit einer Luft-Wasser W\u00e4rmepumpe heizen Sie bereits heute umweltfreundlicher als mit alternativen Systemen, die mit \u00d6l, Gas oder Strom arbeiten. Der Anteil an erneuerbaren Energien im deutschen Strommix steigt zudem kontinuierlich an, womit die W\u00e4rmepumpe das einzige Heizsystem ist, welches im Laufe seiner Einsatzzeit sogar immer umweltfreundlicher wird.<\/p>\t\t\t\t\t\t\t\t<\/div>\n\t\t\t\t<\/div>\n\t\t\t\t<div class=\"elementor-element elementor-element-2e8d30c1 elementor-widget elementor-widget-image\" data-id=\"2e8d30c1\" data-element_type=\"widget\" data-widget_type=\"image.default\">\n\t\t\t\t<div class=\"elementor-widget-container\">\n\t\t\t\t\t\t\t\t\t\t\t\t\t\t\t<img fetchpriority=\"high\" decoding=\"async\" width=\"1200\" height=\"800\" src=\"https:\/\/360-solar.de\/zuhause-mit-sonne\/wp-content\/uploads\/sites\/2\/2025\/01\/wp-prinzip-5-1200x800-1.png\" class=\"attachment-full size-full wp-image-626\" alt=\"\" srcset=\"https:\/\/360-solar.de\/zuhause-mit-sonne\/wp-content\/uploads\/sites\/2\/2025\/01\/wp-prinzip-5-1200x800-1.png 1200w, https:\/\/360-solar.de\/zuhause-mit-sonne\/wp-content\/uploads\/sites\/2\/2025\/01\/wp-prinzip-5-1200x800-1-300x200.png 300w, https:\/\/360-solar.de\/zuhause-mit-sonne\/wp-content\/uploads\/sites\/2\/2025\/01\/wp-prinzip-5-1200x800-1-1024x683.png 1024w, https:\/\/360-solar.de\/zuhause-mit-sonne\/wp-content\/uploads\/sites\/2\/2025\/01\/wp-prinzip-5-1200x800-1-768x512.png 768w\" sizes=\"(max-width: 1200px) 100vw, 1200px\" \/>\t\t\t\t\t\t\t\t\t\t\t\t\t\t\t<\/div>\n\t\t\t\t<\/div>\n\t\t<div class=\"elementor-element elementor-element-32b13401 e-con-full e-flex e-con e-child\" data-id=\"32b13401\" data-element_type=\"container\">\n\t\t<div class=\"elementor-element elementor-element-56fed7fe e-con-full e-flex e-con e-child\" data-id=\"56fed7fe\" data-element_type=\"container\">\n\t\t\t\t<div class=\"elementor-element elementor-element-0ba4d58 elementor-widget elementor-widget-image\" data-id=\"0ba4d58\" data-element_type=\"widget\" data-widget_type=\"image.default\">\n\t\t\t\t<div class=\"elementor-widget-container\">\n\t\t\t\t\t\t\t\t\t\t\t\t\t\t\t<img decoding=\"async\" width=\"2000\" height=\"1333\" src=\"https:\/\/360-solar.de\/zuhause-mit-sonne\/wp-content\/uploads\/sites\/2\/2025\/01\/technician-repairing-heat-pump-unit.jpg\" class=\"attachment-full size-full wp-image-627\" alt=\"Technician Repairing Heat Pump Unit\" srcset=\"https:\/\/360-solar.de\/zuhause-mit-sonne\/wp-content\/uploads\/sites\/2\/2025\/01\/technician-repairing-heat-pump-unit.jpg 2000w, https:\/\/360-solar.de\/zuhause-mit-sonne\/wp-content\/uploads\/sites\/2\/2025\/01\/technician-repairing-heat-pump-unit-300x200.jpg 300w, https:\/\/360-solar.de\/zuhause-mit-sonne\/wp-content\/uploads\/sites\/2\/2025\/01\/technician-repairing-heat-pump-unit-1024x682.jpg 1024w, https:\/\/360-solar.de\/zuhause-mit-sonne\/wp-content\/uploads\/sites\/2\/2025\/01\/technician-repairing-heat-pump-unit-768x512.jpg 768w, https:\/\/360-solar.de\/zuhause-mit-sonne\/wp-content\/uploads\/sites\/2\/2025\/01\/technician-repairing-heat-pump-unit-1536x1024.jpg 1536w\" sizes=\"(max-width: 2000px) 100vw, 2000px\" \/>\t\t\t\t\t\t\t\t\t\t\t\t\t\t\t<\/div>\n\t\t\t\t<\/div>\n\t\t\t\t<\/div>\n\t\t<div class=\"elementor-element elementor-element-2a4d104e e-con-full e-flex e-con e-child\" data-id=\"2a4d104e\" data-element_type=\"container\">\n\t\t\t\t<div class=\"elementor-element elementor-element-449b1450 elementor-widget elementor-widget-heading\" data-id=\"449b1450\" data-element_type=\"widget\" data-widget_type=\"heading.default\">\n\t\t\t\t<div class=\"elementor-widget-container\">\n\t\t\t\t\t<h4 class=\"elementor-heading-title elementor-size-default\">Warum 360\u00b0 Solar die beste Wahl f\u00fcr Ihr Zuhause ist<\/h4>\t\t\t\t<\/div>\n\t\t\t\t<\/div>\n\t\t\t\t<div class=\"elementor-element elementor-element-68e24d8b elementor-widget elementor-widget-text-editor\" data-id=\"68e24d8b\" data-element_type=\"widget\" data-widget_type=\"text-editor.default\">\n\t\t\t\t<div class=\"elementor-widget-container\">\n\t\t\t\t\t\t\t\t\t<p>Mit 360\u00b0 Solar entscheiden Sie sich f\u00fcr einen zuverl\u00e4ssigen Partner, der Sie auf dem Weg zu Ihrer eigenen Photovoltaikanlage umfassend begleitet. Wir bieten ma\u00dfgeschneiderte L\u00f6sungen, hochwertige Produkte und einen erstklassigen Kundenservice \u2013 alles aus einer Hand. Unsere Mission ist es, Ihre Energiezukunft effizient, nachhaltig und sorgenfrei zu gestalten.<\/p>\t\t\t\t\t\t\t\t<\/div>\n\t\t\t\t<\/div>\n\t\t\t\t<div class=\"elementor-element elementor-element-7e33ee9f elementor-icon-list--layout-traditional elementor-list-item-link-full_width elementor-widget elementor-widget-icon-list\" data-id=\"7e33ee9f\" data-element_type=\"widget\" data-widget_type=\"icon-list.default\">\n\t\t\t\t<div class=\"elementor-widget-container\">\n\t\t\t\t\t\t\t<ul class=\"elementor-icon-list-items\">\n\t\t\t\t\t\t\t<li class=\"elementor-icon-list-item\">\n\t\t\t\t\t\t\t\t\t\t\t<span class=\"elementor-icon-list-icon\">\n\t\t\t\t\t\t\t<svg aria-hidden=\"true\" class=\"e-font-icon-svg e-fas-check\" viewBox=\"0 0 512 512\" xmlns=\"http:\/\/www.w3.org\/2000\/svg\"><path d=\"M173.898 439.404l-166.4-166.4c-9.997-9.997-9.997-26.206 0-36.204l36.203-36.204c9.997-9.998 26.207-9.998 36.204 0L192 312.69 432.095 72.596c9.997-9.997 26.207-9.997 36.204 0l36.203 36.204c9.997 9.997 9.997 26.206 0 36.204l-294.4 294.401c-9.998 9.997-26.207 9.997-36.204-.001z\"><\/path><\/svg>\t\t\t\t\t\t<\/span>\n\t\t\t\t\t\t\t\t\t\t<span class=\"elementor-icon-list-text\"> Individuelle Beratung<\/span>\n\t\t\t\t\t\t\t\t\t<\/li>\n\t\t\t\t\t\t\t\t<li class=\"elementor-icon-list-item\">\n\t\t\t\t\t\t\t\t\t\t\t<span class=\"elementor-icon-list-icon\">\n\t\t\t\t\t\t\t<svg aria-hidden=\"true\" class=\"e-font-icon-svg e-fas-check\" viewBox=\"0 0 512 512\" xmlns=\"http:\/\/www.w3.org\/2000\/svg\"><path d=\"M173.898 439.404l-166.4-166.4c-9.997-9.997-9.997-26.206 0-36.204l36.203-36.204c9.997-9.998 26.207-9.998 36.204 0L192 312.69 432.095 72.596c9.997-9.997 26.207-9.997 36.204 0l36.203 36.204c9.997 9.997 9.997 26.206 0 36.204l-294.4 294.401c-9.998 9.997-26.207 9.997-36.204-.001z\"><\/path><\/svg>\t\t\t\t\t\t<\/span>\n\t\t\t\t\t\t\t\t\t\t<span class=\"elementor-icon-list-text\">Herstellerunabh\u00e4ngige Komplettl\u00f6sungen<\/span>\n\t\t\t\t\t\t\t\t\t<\/li>\n\t\t\t\t\t\t\t\t<li class=\"elementor-icon-list-item\">\n\t\t\t\t\t\t\t\t\t\t\t<span class=\"elementor-icon-list-icon\">\n\t\t\t\t\t\t\t<svg aria-hidden=\"true\" class=\"e-font-icon-svg e-fas-check\" viewBox=\"0 0 512 512\" xmlns=\"http:\/\/www.w3.org\/2000\/svg\"><path d=\"M173.898 439.404l-166.4-166.4c-9.997-9.997-9.997-26.206 0-36.204l36.203-36.204c9.997-9.998 26.207-9.998 36.204 0L192 312.69 432.095 72.596c9.997-9.997 26.207-9.997 36.204 0l36.203 36.204c9.997 9.997 9.997 26.206 0 36.204l-294.4 294.401c-9.998 9.997-26.207 9.997-36.204-.001z\"><\/path><\/svg>\t\t\t\t\t\t<\/span>\n\t\t\t\t\t\t\t\t\t\t<span class=\"elementor-icon-list-text\">H\u00f6chste Qualit\u00e4t<\/span>\n\t\t\t\t\t\t\t\t\t<\/li>\n\t\t\t\t\t\t\t\t<li class=\"elementor-icon-list-item\">\n\t\t\t\t\t\t\t\t\t\t\t<span class=\"elementor-icon-list-icon\">\n\t\t\t\t\t\t\t<svg aria-hidden=\"true\" class=\"e-font-icon-svg e-fas-check\" viewBox=\"0 0 512 512\" xmlns=\"http:\/\/www.w3.org\/2000\/svg\"><path d=\"M173.898 439.404l-166.4-166.4c-9.997-9.997-9.997-26.206 0-36.204l36.203-36.204c9.997-9.998 26.207-9.998 36.204 0L192 312.69 432.095 72.596c9.997-9.997 26.207-9.997 36.204 0l36.203 36.204c9.997 9.997 9.997 26.206 0 36.204l-294.4 294.401c-9.998 9.997-26.207 9.997-36.204-.001z\"><\/path><\/svg>\t\t\t\t\t\t<\/span>\n\t\t\t\t\t\t\t\t\t\t<span class=\"elementor-icon-list-text\">Langj\u00e4hrige Erfahrung und Expertise<\/span>\n\t\t\t\t\t\t\t\t\t<\/li>\n\t\t\t\t\t\t<\/ul>\n\t\t\t\t\t\t<\/div>\n\t\t\t\t<\/div>\n\t\t\t\t<\/div>\n\t\t\t\t<\/div>\n\t\t\t\t<div class=\"elementor-element elementor-element-4f860c7e elementor-widget elementor-widget-heading\" data-id=\"4f860c7e\" data-element_type=\"widget\" data-widget_type=\"heading.default\">\n\t\t\t\t<div class=\"elementor-widget-container\">\n\t\t\t\t\t<h2 class=\"elementor-heading-title elementor-size-default\">H\u00e4ufig gestellte Fragen<\/h2>\t\t\t\t<\/div>\n\t\t\t\t<\/div>\n\t\t\t\t<\/div>\n\t\t\t\t\t<\/div>\n\t\t\t\t<\/div>\n\t\t\t\t<\/div>\n\t\t","protected":false},"excerpt":{"rendered":"<p>W\u00e4rmeerzeugung Energiel\u00f6sungen Photovoltaik-Systeme Batteriesysteme Ladestation PV-carports PV-Terrassen\u00fcberdachung W\u00e4rmeerzeugung Kostenlose Beratung ? 07721 &#8211; 60 998 90 Wir freuen uns auf Ihren Anruf ! oder schreiben Sie uns SAUBER UND G\u00dcNSTIG HEIZEN Nachhaltige W\u00e4rme mit Solarstrom: Effizient, kostensparend, unabh\u00e4ngig Eine Photovoltaikanlage in Kombination mit W\u00e4rmepumpe und Heizstab bietet gleich mehrere Vorteile: Sie erzeugt sauberen, erneuerbaren Strom, [&hellip;]<\/p>\n","protected":false},"author":1,"featured_media":0,"parent":0,"menu_order":0,"comment_status":"closed","ping_status":"closed","template":"","meta":{"om_disable_all_campaigns":false,"_monsterinsights_skip_tracking":false,"_monsterinsights_sitenote_active":false,"_monsterinsights_sitenote_note":"","_monsterinsights_sitenote_category":0,"footnotes":""},"class_list":["post-623","page","type-page","status-publish","hentry"],"aioseo_notices":[],"_links":{"self":[{"href":"https:\/\/360-solar.de\/zuhause-mit-sonne\/wp-json\/wp\/v2\/pages\/623","targetHints":{"allow":["GET"]}}],"collection":[{"href":"https:\/\/360-solar.de\/zuhause-mit-sonne\/wp-json\/wp\/v2\/pages"}],"about":[{"href":"https:\/\/360-solar.de\/zuhause-mit-sonne\/wp-json\/wp\/v2\/types\/page"}],"author":[{"embeddable":true,"href":"https:\/\/360-solar.de\/zuhause-mit-sonne\/wp-json\/wp\/v2\/users\/1"}],"replies":[{"embeddable":true,"href":"https:\/\/360-solar.de\/zuhause-mit-sonne\/wp-json\/wp\/v2\/comments?post=623"}],"version-history":[{"count":7,"href":"https:\/\/360-solar.de\/zuhause-mit-sonne\/wp-json\/wp\/v2\/pages\/623\/revisions"}],"predecessor-version":[{"id":635,"href":"https:\/\/360-solar.de\/zuhause-mit-sonne\/wp-json\/wp\/v2\/pages\/623\/revisions\/635"}],"wp:attachment":[{"href":"https:\/\/360-solar.de\/zuhause-mit-sonne\/wp-json\/wp\/v2\/media?parent=623"}],"curies":[{"name":"wp","href":"https:\/\/api.w.org\/{rel}","templated":true}]}}